{"id":10,"date":"2021-05-25T18:01:57","date_gmt":"2021-05-25T16:01:57","guid":{"rendered":"http:\/\/www.entrepot-dieppe.com\/?page_id=10"},"modified":"2021-12-06T10:42:15","modified_gmt":"2021-12-06T09:42:15","slug":"qui-sommes-nous","status":"publish","type":"page","link":"https:\/\/www.entrepot-dieppe.com\/index.php\/qui-sommes-nous\/","title":{"rendered":"Qui sommes-nous ?"},"content":{"rendered":"<div id=\"fb-root\"><\/div>\n<p>[et_pb_section fb_built=\u00a0\u00bb1&Prime; _builder_version=\u00a0\u00bb4.14.1&Prime; _module_preset=\u00a0\u00bbdefault\u00a0\u00bb background_image=\u00a0\u00bbhttps:\/\/www.entrepot-dieppe.com\/wp-content\/uploads\/2021\/11\/le-haut-copie.jpg\u00a0\u00bb custom_padding=\u00a0\u00bb||261px|||\u00a0\u00bb global_colors_info=\u00a0\u00bb{}\u00a0\u00bb][et_pb_row _builder_version=\u00a0\u00bb4.9.4&Prime; _module_preset=\u00a0\u00bbdefault\u00a0\u00bb global_colors_info=\u00a0\u00bb{}\u00a0\u00bb][et_pb_column type=\u00a0\u00bb4_4&Prime; _builder_version=\u00a0\u00bb4.9.4&Prime; _module_preset=\u00a0\u00bbdefault\u00a0\u00bb global_colors_info=\u00a0\u00bb{}\u00a0\u00bb][et_pb_text _builder_version=\u00a0\u00bb4.9.4&Prime; _module_preset=\u00a0\u00bbdefault\u00a0\u00bb header_font=\u00a0\u00bbDancing Script||||||||\u00a0\u00bb header_text_color=\u00a0\u00bb#FFFFFF\u00a0\u00bb header_font_size=\u00a0\u00bb65px\u00a0\u00bb global_colors_info=\u00a0\u00bb{}\u00a0\u00bb]<\/p>\n<h1 style=\"text-align: center;\">A propos<\/h1>\n<p>[\/et_pb_text][\/et_pb_column][\/et_pb_row][\/et_pb_section][et_pb_section fb_built=\u00a0\u00bb1&Prime; _builder_version=\u00a0\u00bb4.9.4&Prime; _module_preset=\u00a0\u00bbdefault\u00a0\u00bb global_colors_info=\u00a0\u00bb{}\u00a0\u00bb][et_pb_row _builder_version=\u00a0\u00bb4.9.4&Prime; _module_preset=\u00a0\u00bbdefault\u00a0\u00bb global_colors_info=\u00a0\u00bb{}\u00a0\u00bb][et_pb_column type=\u00a0\u00bb4_4&Prime; _builder_version=\u00a0\u00bb4.9.4&Prime; _module_preset=\u00a0\u00bbdefault\u00a0\u00bb global_colors_info=\u00a0\u00bb{}\u00a0\u00bb][et_pb_text _builder_version=\u00a0\u00bb4.9.4&Prime; _module_preset=\u00a0\u00bbdefault\u00a0\u00bb global_colors_info=\u00a0\u00bb{}\u00a0\u00bb]<\/p>\n<h2 style=\"text-align: center;\">L\u2019entrep\u00f4t vous re\u00e7oit comme \u00e0 la maison<\/h2>\n<p>[\/et_pb_text][et_pb_text _builder_version=\u00a0\u00bb4.9.4&Prime; _module_preset=\u00a0\u00bbdefault\u00a0\u00bb text_font_size=\u00a0\u00bb18px\u00a0\u00bb global_colors_info=\u00a0\u00bb{}\u00a0\u00bb]<\/p>\n<p style=\"text-align: center;\">Fran\u00e7ois et Marie-Pierre, vous accueillent dans une ambiance chaleureuse et conviviale.<\/p>\n<p>[\/et_pb_text][\/et_pb_column][\/et_pb_row][et_pb_row column_structure=\u00a0\u00bb1_2,1_2&Prime; _builder_version=\u00a0\u00bb4.9.4&Prime; _module_preset=\u00a0\u00bbdefault\u00a0\u00bb background_color=\u00a0\u00bb#F8F7F7&Prime; global_colors_info=\u00a0\u00bb{}\u00a0\u00bb][et_pb_column type=\u00a0\u00bb1_2&Prime; _builder_version=\u00a0\u00bb4.9.4&Prime; _module_preset=\u00a0\u00bbdefault\u00a0\u00bb global_colors_info=\u00a0\u00bb{}\u00a0\u00bb][et_pb_image src=\u00a0\u00bbhttps:\/\/www.entrepot-dieppe.com\/wp-content\/uploads\/2021\/11\/Lequipe-de-lentrepot.png\u00a0\u00bb title_text=\u00a0\u00bbL&rsquo;equipe de l&rsquo;entrep\u00f4t\u00a0\u00bb _builder_version=\u00a0\u00bb4.9.4&Prime; _module_preset=\u00a0\u00bbdefault\u00a0\u00bb global_colors_info=\u00a0\u00bb{}\u00a0\u00bb][\/et_pb_image][\/et_pb_column][et_pb_column type=\u00a0\u00bb1_2&Prime; _builder_version=\u00a0\u00bb4.9.4&Prime; _module_preset=\u00a0\u00bbdefault\u00a0\u00bb global_colors_info=\u00a0\u00bb{}\u00a0\u00bb][et_pb_text _builder_version=\u00a0\u00bb4.9.4&Prime; _module_preset=\u00a0\u00bbdefault\u00a0\u00bb header_2_font=\u00a0\u00bbDancing Script||||||||\u00a0\u00bb header_2_font_size=\u00a0\u00bb45px\u00a0\u00bb global_colors_info=\u00a0\u00bb{}\u00a0\u00bb]<\/p>\n<h2>L\u2019\u00e9quipe de l\u2019Entrep\u00f4t :<\/h2>\n<p>[\/et_pb_text][et_pb_text _builder_version=\u00a0\u00bb4.14.1&Prime; _module_preset=\u00a0\u00bbdefault\u00a0\u00bb global_colors_info=\u00a0\u00bb{}\u00a0\u00bb]<\/p>\n<p><span>L\u2019Entrepot c&rsquo;est un lieu de vie, vous \u00eates accueillis par une \u00e9quipe de 10 personnes: une petite \u00e9quipe passionn\u00e9e par la bonne\u00a0 nourriture et la bonne musique, tout est fabriqu\u00e9 sur place \u00e0 partir de produits bruts et de saison.<\/span><\/p>\n<p><span>\u00c0 l\u2019Entrep\u00f4t on y va pour la d\u00e9co vintage, la musique live, les jus frais, la vue sur le port, le personnel sympathique.<\/span><\/p>\n<p>Fran\u00e7ois et Marie-Pierre, vous organisent r\u00e9guli\u00e8rement des concerts et des \u00e9v\u00e8nements artistiques ou ludiques pour vous divertir. Retrouvez-les pour des des soir\u00e9es concert de jazz, de Rock, de blues, de musique Celtique etc\u2026<br \/>Dieppois de naissance, ce lieu est \u00e0 leur image, venez discuter avec eux, ils vous feront vous sentir comme \u00e0 la maison.<\/p>\n<p>A l\u2019Entrep\u00f4t, ce sont de vieilles photos de famille sur les murs, des meubles qui vous rappellent des souvenirs, il y a un air de d\u00e9j\u00e0 vu et de chaleureux comme cette maison de vacances, o\u00f9 l\u2019on se retrouve tous les \u00e9t\u00e9s.<\/p>\n<p>Ici, des citations bienveillantes ornent les m\u00fbrs, la convivialit\u00e9, l\u2019\u00e9change et le partage sont les ma\u00eetres mots de ce lieu ou vous pourrez vous d\u00e9tendre entre amis, en famille ou entre coll\u00e8gues apr\u00e8s votre journ\u00e9e de travail.<\/p>\n<p>Du c\u00f4t\u00e9 de l\u2019assiette : un seul mot d\u2019ordre \u00ab le fait maison \u00bb.<\/p>\n<p style=\"text-align: center;\"><strong>L\u2019Entrep\u00f4t c\u2019est de la cuisine Bistrot, celle qui nourrit et r\u00e9chauffe les coeurs.<\/strong><\/p>\n<p>[\/et_pb_text][\/et_pb_column][\/et_pb_row][et_pb_row column_structure=\u00a0\u00bb1_2,1_2&Prime; _builder_version=\u00a0\u00bb4.9.4&Prime; _module_preset=\u00a0\u00bbdefault\u00a0\u00bb background_color=\u00a0\u00bb#F8F7F7&Prime; global_colors_info=\u00a0\u00bb{}\u00a0\u00bb][et_pb_column type=\u00a0\u00bb1_2&Prime; _builder_version=\u00a0\u00bb4.9.4&Prime; _module_preset=\u00a0\u00bbdefault\u00a0\u00bb global_colors_info=\u00a0\u00bb{}\u00a0\u00bb][et_pb_text _builder_version=\u00a0\u00bb4.9.4&Prime; _module_preset=\u00a0\u00bbdefault\u00a0\u00bb header_2_font=\u00a0\u00bbDancing Script||||||||\u00a0\u00bb header_2_font_size=\u00a0\u00bb45px\u00a0\u00bb global_colors_info=\u00a0\u00bb{}\u00a0\u00bb]<\/p>\n<h2>Un mot sur Fran\u00e7ois, propri\u00e9taire de l\u2019Entrep\u00f4t :<\/h2>\n<p>[\/et_pb_text][et_pb_text _builder_version=\u00a0\u00bb4.9.4&Prime; _module_preset=\u00a0\u00bbdefault\u00a0\u00bb global_colors_info=\u00a0\u00bb{}\u00a0\u00bb]<\/p>\n<p>Si vous \u00eates Dieppois depuis longtemps, vous avez forc\u00e9ment d\u00e9j\u00e0 crois\u00e9 Fran\u00e7ois,<br \/>l\u2019ancien propri\u00e9taire du mythique Disques Shop, l\u2019une des derni\u00e8res enseignes de musique ind\u00e9pendantes courue<br \/>par les m\u00e9lomanes de la r\u00e9gion.<\/p>\n<p>V\u00e9ritable amoureux de la musique, Fran\u00e7ois a le sens du partage et de la communication.<\/p>\n<p>Son r\u00eave \u00e9tait de pouvoir partager son amour de la musique autour d\u2019un bon repas: C\u2019est chose fa\u00eetes depuis la reprise de l\u2019Entrep\u00f4t : le restaurant-concert.<\/p>\n<p>Tous les mois, venez d\u00e9couvrir une programmation \u00e9clectique \u00ab made in Fran\u00e7ois \u00bb, avec des musiciens locaux nationaux et m\u00eame internationaux, originaux, entra\u00eenant, jazzy, rock\u2019n roll,<br \/>toujours conviviaux et de qualit\u00e9, il y aura forc\u00e9ment un concert pour vous.<\/p>\n<p>[\/et_pb_text][\/et_pb_column][et_pb_column type=\u00a0\u00bb1_2&Prime; _builder_version=\u00a0\u00bb4.9.4&Prime; _module_preset=\u00a0\u00bbdefault\u00a0\u00bb global_colors_info=\u00a0\u00bb{}\u00a0\u00bb][et_pb_image src=\u00a0\u00bbhttps:\/\/www.entrepot-dieppe.com\/wp-content\/uploads\/2021\/11\/Un-mot-sur-francois.png\u00a0\u00bb title_text=\u00a0\u00bbUn mot sur fran\u00e7ois\u00a0\u00bb _builder_version=\u00a0\u00bb4.9.4&Prime; _module_preset=\u00a0\u00bbdefault\u00a0\u00bb global_colors_info=\u00a0\u00bb{}\u00a0\u00bb][\/et_pb_image][\/et_pb_column][\/et_pb_row][et_pb_row column_structure=\u00a0\u00bb1_2,1_2&Prime; _builder_version=\u00a0\u00bb4.9.4&Prime; _module_preset=\u00a0\u00bbdefault\u00a0\u00bb background_color=\u00a0\u00bb#F8F7F7&Prime; global_colors_info=\u00a0\u00bb{}\u00a0\u00bb][et_pb_column type=\u00a0\u00bb1_2&Prime; _builder_version=\u00a0\u00bb4.9.4&Prime; _module_preset=\u00a0\u00bbdefault\u00a0\u00bb global_colors_info=\u00a0\u00bb{}\u00a0\u00bb][et_pb_image src=\u00a0\u00bbhttps:\/\/www.entrepot-dieppe.com\/wp-content\/uploads\/2021\/11\/Un-lieu-unique.png\u00a0\u00bb title_text=\u00a0\u00bbUn lieu unique\u00a0\u00bb _builder_version=\u00a0\u00bb4.9.4&Prime; _module_preset=\u00a0\u00bbdefault\u00a0\u00bb global_colors_info=\u00a0\u00bb{}\u00a0\u00bb][\/et_pb_image][\/et_pb_column][et_pb_column type=\u00a0\u00bb1_2&Prime; _builder_version=\u00a0\u00bb4.9.4&Prime; _module_preset=\u00a0\u00bbdefault\u00a0\u00bb global_colors_info=\u00a0\u00bb{}\u00a0\u00bb][et_pb_text _builder_version=\u00a0\u00bb4.9.4&Prime; _module_preset=\u00a0\u00bbdefault\u00a0\u00bb header_2_font=\u00a0\u00bbDancing Script||||||||\u00a0\u00bb header_2_font_size=\u00a0\u00bb45px\u00a0\u00bb global_colors_info=\u00a0\u00bb{}\u00a0\u00bb]<\/p>\n<h2>L\u2019Entrep\u00f4t un lieu unique :<\/h2>\n<p>[\/et_pb_text][et_pb_text _builder_version=\u00a0\u00bb4.14.1&Prime; _module_preset=\u00a0\u00bbdefault\u00a0\u00bb global_colors_info=\u00a0\u00bb{}\u00a0\u00bb]<\/p>\n<p>L\u2019entrep\u00f4t est c\u00e9l\u00e8bre pour son ambiance et sa d\u00e9coration. Il s\u2019\u00e9tend sur trois niveaux et une surface de 200m2. Venez profiter de 3 ambiances conviviales pour des moments gourmands !<\/p>\n<p>Serez-vous plus ann\u00e9es 50\u2019et tables en Formica, salon de th\u00e9 ou salle de concert avec tables hautes ou basses, canap\u00e9s ou chaises de bar ? Cette d\u00e9coration vintage incomparable, l\u2019Entrep\u00f4t la doit \u00e0 ses anciens propri\u00e9taires, Patricia et Olivier, qui ont pris le temps de chiner et cr\u00e9er cette ambiance unique \u00e0 Dieppe.<\/p>\n<p><span>\u00c0 tous les \u00e9tages nous esp\u00e9rons vous communiquer ce doux sentiment confortable, comme \u00e0 la maison.<\/span><br \/><span>Qu\u2019il fait bon et que vous n\u2019avez que les pieds \u00e0 vous mettre sous la table, on s\u2019occupe de tout.<\/span><\/p>\n<p>Nous vous proposons un service de 11h \u00e0 Minuit le vendredi et samedi et de 11h \u00e0 22H le mardi mercredi jeudi et dimanche (horaire \u00e0 voir), avec cr\u00eapes et burgers, fish&amp;chips.<br \/>L\u2019apr\u00e8s-midi sera l\u2019occasion de siroter nos d\u00e9licieux jus de fruits frais press\u00e9s \u00e0 notre bar \u00e0 jus, le tout accompagn\u00e9 d\u2019une p\u00e2tisserie 100% maison.<\/p>\n<p>Vous aimez le th\u00e9 ? Alors \u00e0 17h, c\u2019est l\u2019heure du go\u00fbter avec notre partenaire Kodama, alchimistes infuseurs.<\/p>\n<p>[\/et_pb_text][\/et_pb_column][\/et_pb_row][\/et_pb_section][et_pb_section fb_built=\u00a0\u00bb1&Prime; _builder_version=\u00a0\u00bb4.14.1&Prime; _module_preset=\u00a0\u00bbdefault\u00a0\u00bb background_image=\u00a0\u00bbhttps:\/\/www.entrepot-dieppe.com\/wp-content\/uploads\/2021\/11\/le-bas-copie.jpg\u00a0\u00bb global_colors_info=\u00a0\u00bb{}\u00a0\u00bb][et_pb_row _builder_version=\u00a0\u00bb4.9.4&Prime; _module_preset=\u00a0\u00bbdefault\u00a0\u00bb global_colors_info=\u00a0\u00bb{}\u00a0\u00bb][et_pb_column type=\u00a0\u00bb4_4&Prime; _builder_version=\u00a0\u00bb4.9.4&Prime; _module_preset=\u00a0\u00bbdefault\u00a0\u00bb global_colors_info=\u00a0\u00bb{}\u00a0\u00bb][et_pb_text _builder_version=\u00a0\u00bb4.14.1&Prime; _module_preset=\u00a0\u00bbdefault\u00a0\u00bb header_2_font=\u00a0\u00bbDancing Script||||||||\u00a0\u00bb header_2_text_color=\u00a0\u00bb#FFFFFF\u00a0\u00bb header_2_font_size=\u00a0\u00bb45px\u00a0\u00bb global_colors_info=\u00a0\u00bb{}\u00a0\u00bb]<\/p>\n<h2 style=\"text-align: center;\">Un peu d&rsquo;Histoire<\/h2>\n<p>[\/et_pb_text][et_pb_text _builder_version=\u00a0\u00bb4.14.1&Prime; _module_preset=\u00a0\u00bbdefault\u00a0\u00bb text_text_color=\u00a0\u00bb#FFFFFF\u00a0\u00bb text_font_size=\u00a0\u00bb18px\u00a0\u00bb hover_enabled=\u00a0\u00bb0&Prime; global_colors_info=\u00a0\u00bb{}\u00a0\u00bb sticky_enabled=\u00a0\u00bb0&Prime;]<\/p>\n<p style=\"text-align: center;\">Le b\u00e2timent, un lieu mythique de Dieppe.<\/p>\n<p style=\"text-align: center;\">Anciennement, l\u2019Entrep\u00f4t, situ\u00e9 sous les arcades de la Poissonnerie, \u00e9tait l\u2019une des plus grandes drogueries de la ville de Dieppe, construite sur trois niveaux.<br \/>L\u2019ancien Etablissement Marchand a \u00e9t\u00e9 conserv\u00e9 puis transform\u00e9 en restaurant par les premiers propri\u00e9taires.<\/p>\n<p style=\"text-align: center;\">Il est encore r\u00e9gulier que d\u2019anciens clients de la droguerie se rem\u00e9morent leur temps pass\u00e9 dans les lieux, avec plaisir et nostalgie.<br \/>Transform\u00e9 en salon de th\u00e9 par Patricia et Olivier, les anciens propri\u00e9taires, l\u2019Entrep\u00f4t devient le rendez-vous f\u00e9minin du port du Dieppe.<\/p>\n<p style=\"text-align: center;\">Nous avons conserv\u00e9 des animations f\u00e9minines, mais nous avons surtout fait le choix d\u2019ouvrir nos portes \u00e0 tous ceux qui souhaitent passer un bon moment chez nous !<\/p>\n<p style=\"text-align: center;\">En 2019, Fran\u00e7ois Sall\u00e9 rach\u00e8te l\u2019Entrep\u00f4t et le remet \u00e0 son go\u00fbt : chaleureux, accueillant et tourn\u00e9 vers sa passion de la musique.<br \/>Sur plus de 200m2, vous pouvez d\u00e9couvrir trois salles hautes en couleurs, \u00e0 la d\u00e9co vintage et chaleureuse.<\/p>\n<p style=\"text-align: center;\"><strong><span>Venez vous installer dans un canap\u00e9 moelleux en d\u00e9gustant un cocktail ou un jus de fruits frais fra\u00eechement press\u00e9s sur place et bien s\u00fbr sans sucre ajout\u00e9 !<\/span><\/strong><\/p>\n<p>[\/et_pb_text][\/et_pb_column][\/et_pb_row][\/et_pb_section][et_pb_section fb_built=\u00a0\u00bb1&Prime; _builder_version=\u00a0\u00bb4.9.4&Prime; _module_preset=\u00a0\u00bbdefault\u00a0\u00bb global_colors_info=\u00a0\u00bb{}\u00a0\u00bb][et_pb_row column_structure=\u00a0\u00bb1_2,1_2&Prime; _builder_version=\u00a0\u00bb4.9.4&Prime; _module_preset=\u00a0\u00bbdefault\u00a0\u00bb background_color=\u00a0\u00bb#F8F7F7&Prime; global_colors_info=\u00a0\u00bb{}\u00a0\u00bb][et_pb_column type=\u00a0\u00bb1_2&Prime; _builder_version=\u00a0\u00bb4.9.4&Prime; _module_preset=\u00a0\u00bbdefault\u00a0\u00bb global_colors_info=\u00a0\u00bb{}\u00a0\u00bb][et_pb_image src=\u00a0\u00bbhttps:\/\/www.entrepot-dieppe.com\/wp-content\/uploads\/2021\/11\/la-ville-de-dieppe.png\u00a0\u00bb title_text=\u00a0\u00bbla ville de dieppe\u00a0\u00bb _builder_version=\u00a0\u00bb4.9.4&Prime; _module_preset=\u00a0\u00bbdefault\u00a0\u00bb global_colors_info=\u00a0\u00bb{}\u00a0\u00bb][\/et_pb_image][\/et_pb_column][et_pb_column type=\u00a0\u00bb1_2&Prime; _builder_version=\u00a0\u00bb4.9.4&Prime; _module_preset=\u00a0\u00bbdefault\u00a0\u00bb global_colors_info=\u00a0\u00bb{}\u00a0\u00bb][et_pb_text _builder_version=\u00a0\u00bb4.9.4&Prime; _module_preset=\u00a0\u00bbdefault\u00a0\u00bb header_2_font=\u00a0\u00bbDancing Script||||||||\u00a0\u00bb header_2_font_size=\u00a0\u00bb45px\u00a0\u00bb global_colors_info=\u00a0\u00bb{}\u00a0\u00bb]<\/p>\n<h2>La ville de Dieppe :<\/h2>\n<p>[\/et_pb_text][et_pb_text _builder_version=\u00a0\u00bb4.9.4&Prime; _module_preset=\u00a0\u00bbdefault\u00a0\u00bb global_colors_info=\u00a0\u00bb{}\u00a0\u00bb]<\/p>\n<p>Dieppe, ses mouettes, son air iod\u00e9, ses vieilles rues et ses animations r\u00e9guli\u00e8res saura vous s\u00e9duire. Ville typique du littoral normand, elle a su se redynamiser pour devenir une station baln\u00e9aire incontournable de la c\u00f4te d\u2019Alb\u00e2tre.<\/p>\n<p>Son point fort ? Ses ports et ses poissons.<\/p>\n<p>Sa sp\u00e9cialit\u00e9 ? La coquille Saint-Jacques, que vous pouvez d\u00e9guster chez nous en saison hivernale.<\/p>\n<p style=\"text-align: center;\"><strong>Situ\u00e9 sur le chemin de la gare, et au retour de la plage, prenez le temps de vous arr\u00eater \u00e0 l\u2019Entrep\u00f4t pour un dessert fait maison et une tasse de th\u00e9.<\/strong><\/p>\n<p>[\/et_pb_text][\/et_pb_column][\/et_pb_row][et_pb_row column_structure=\u00a0\u00bb1_2,1_2&Prime; _builder_version=\u00a0\u00bb4.9.4&Prime; _module_preset=\u00a0\u00bbdefault\u00a0\u00bb background_color=\u00a0\u00bb#F8F7F7&Prime; global_colors_info=\u00a0\u00bb{}\u00a0\u00bb][et_pb_column type=\u00a0\u00bb1_2&Prime; _builder_version=\u00a0\u00bb4.9.4&Prime; _module_preset=\u00a0\u00bbdefault\u00a0\u00bb global_colors_info=\u00a0\u00bb{}\u00a0\u00bb][et_pb_text _builder_version=\u00a0\u00bb4.9.4&Prime; _module_preset=\u00a0\u00bbdefault\u00a0\u00bb header_2_font=\u00a0\u00bbDancing Script||||||||\u00a0\u00bb header_2_font_size=\u00a0\u00bb45px\u00a0\u00bb global_colors_info=\u00a0\u00bb{}\u00a0\u00bb]<\/p>\n<h2>L\u2019animation de l\u2019ann\u00e9e : la f\u00eate du Hareng !<\/h2>\n<p>[\/et_pb_text][et_pb_text _builder_version=\u00a0\u00bb4.9.4&Prime; _module_preset=\u00a0\u00bbdefault\u00a0\u00bb global_colors_info=\u00a0\u00bb{}\u00a0\u00bb]<\/p>\n<p>Chaque ann\u00e9e, nous sommes pr\u00e9sents \u00e0 la f\u00eate du Hareng, le rendez-vous incontournable des amoureux<br \/>de la mer et de la bonne gastronomie Dieppoise.<\/p>\n<p>La f\u00eate du Hareng a lieu tous les ans mi-novembre et se d\u00e9roule sur deux jours.<br \/>Elle propose des animations et des d\u00e9gustations, propos\u00e9es par des commer\u00e7ants et restaurateurs locaux.<br \/>Vous pouvez \u00e9galement y acheter de nombreux produits de la mer et des sp\u00e9cialit\u00e9s normandes. C\u2019est un march\u00e9 convivial et tr\u00e8s cher aux Dieppois.<\/p>\n<p>Les animations et spectacles y sont nombreux, l\u2019ambiance est chaleureuse et vous apprendrez des merveilles sur les produits et m\u00e9tiers de la mer.<br \/>Sur notre stand, vous pourrez venir d\u00e9guster notre sp\u00e9cialit\u00e9 : le risotto de Saint-Jacques, avec la garantie d\u2019avoir des produits p\u00each\u00e9s localement et de premi\u00e8re fraicheur !<\/p>\n<p>&nbsp;<\/p>\n<p>[\/et_pb_text][\/et_pb_column][et_pb_column type=\u00a0\u00bb1_2&Prime; _builder_version=\u00a0\u00bb4.9.4&Prime; _module_preset=\u00a0\u00bbdefault\u00a0\u00bb global_colors_info=\u00a0\u00bb{}\u00a0\u00bb][et_pb_image src=\u00a0\u00bbhttps:\/\/www.entrepot-dieppe.com\/wp-content\/uploads\/2021\/11\/fete-du-hareng.png\u00a0\u00bb title_text=\u00a0\u00bbf\u00eate du hareng\u00a0\u00bb _builder_version=\u00a0\u00bb4.9.4&Prime; _module_preset=\u00a0\u00bbdefault\u00a0\u00bb global_colors_info=\u00a0\u00bb{}\u00a0\u00bb][\/et_pb_image][\/et_pb_column][\/et_pb_row][et_pb_row column_structure=\u00a0\u00bb1_2,1_2&Prime; _builder_version=\u00a0\u00bb4.9.4&Prime; _module_preset=\u00a0\u00bbdefault\u00a0\u00bb background_color=\u00a0\u00bb#F8F7F7&Prime; global_colors_info=\u00a0\u00bb{}\u00a0\u00bb][et_pb_column type=\u00a0\u00bb1_2&Prime; _builder_version=\u00a0\u00bb4.9.4&Prime; _module_preset=\u00a0\u00bbdefault\u00a0\u00bb global_colors_info=\u00a0\u00bb{}\u00a0\u00bb][et_pb_image src=\u00a0\u00bbhttps:\/\/www.entrepot-dieppe.com\/wp-content\/uploads\/2021\/11\/agnieszka-ziomek-uCyX_xn8Y1I-unsplash-scaled.jpg\u00a0\u00bb title_text=\u00a0\u00bbagnieszka-ziomek-uCyX_xn8Y1I-unsplash\u00a0\u00bb _builder_version=\u00a0\u00bb4.9.4&Prime; _module_preset=\u00a0\u00bbdefault\u00a0\u00bb global_colors_info=\u00a0\u00bb{}\u00a0\u00bb][\/et_pb_image][\/et_pb_column][et_pb_column type=\u00a0\u00bb1_2&Prime; _builder_version=\u00a0\u00bb4.9.4&Prime; _module_preset=\u00a0\u00bbdefault\u00a0\u00bb global_colors_info=\u00a0\u00bb{}\u00a0\u00bb][et_pb_text _builder_version=\u00a0\u00bb4.9.4&Prime; _module_preset=\u00a0\u00bbdefault\u00a0\u00bb header_2_font=\u00a0\u00bbDancing Script||||||||\u00a0\u00bb header_2_font_size=\u00a0\u00bb45px\u00a0\u00bb global_colors_info=\u00a0\u00bb{}\u00a0\u00bb]<\/p>\n<h2>En 2022, ne ratez pas le Festival du Cerf-volant<\/h2>\n<p>[\/et_pb_text][et_pb_text _builder_version=\u00a0\u00bb4.9.4&Prime; _module_preset=\u00a0\u00bbdefault\u00a0\u00bb global_colors_info=\u00a0\u00bb{}\u00a0\u00bb]<\/p>\n<p>Tous les 2 ans, en septembre, le ciel se charge d\u2019une multitude de voiles color\u00e9es, venues du monde entier.<\/p>\n<p>Le festival International du Cerf-volant de Dieppe, c\u2019est une r\u00e9union d\u2019\u00e9merveillement, o\u00f9 petits et grands se retrouvent pour confectionner et admirer ces cr\u00e9ations volantes.<\/p>\n<p style=\"text-align: center;\"><strong>Dieppe porte d\u2019ailleurs le nom de \u00ab Capitale du cerf-volant \u00bb, depuis 1980.<\/strong><\/p>\n<p>&nbsp;<\/p>\n<p>[\/et_pb_text][\/et_pb_column][\/et_pb_row][\/et_pb_section]<\/p>\n","protected":false},"excerpt":{"rendered":"<p>A proposL\u2019entrep\u00f4t vous re\u00e7oit comme \u00e0 la maisonFran\u00e7ois et Marie-Pierre, vous accueillent dans une ambiance chaleureuse et conviviale.L\u2019\u00e9quipe de l\u2019Entrep\u00f4t :L\u2019Entrepot c&rsquo;est un lieu de vie, vous \u00eates accueillis par une \u00e9quipe de 10 personnes: une petite \u00e9quipe passionn\u00e9e par la bonne\u00a0 nourriture et la bonne musique, tout est fabriqu\u00e9 sur place \u00e0 partir de [&hellip;]<\/p>\n","protected":false},"author":1,"featured_media":0,"parent":0,"menu_order":0,"comment_status":"closed","ping_status":"closed","template":"","meta":{"_et_pb_use_builder":"on","_et_pb_old_content":"<!-- wp:divi\/placeholder \/-->","_et_gb_content_width":"","footnotes":""},"class_list":["post-10","page","type-page","status-publish","hentry"],"_links":{"self":[{"href":"https:\/\/www.entrepot-dieppe.com\/index.php\/wp-json\/wp\/v2\/pages\/10","targetHints":{"allow":["GET"]}}],"collection":[{"href":"https:\/\/www.entrepot-dieppe.com\/index.php\/wp-json\/wp\/v2\/pages"}],"about":[{"href":"https:\/\/www.entrepot-dieppe.com\/index.php\/wp-json\/wp\/v2\/types\/page"}],"author":[{"embeddable":true,"href":"https:\/\/www.entrepot-dieppe.com\/index.php\/wp-json\/wp\/v2\/users\/1"}],"replies":[{"embeddable":true,"href":"https:\/\/www.entrepot-dieppe.com\/index.php\/wp-json\/wp\/v2\/comments?post=10"}],"version-history":[{"count":7,"href":"https:\/\/www.entrepot-dieppe.com\/index.php\/wp-json\/wp\/v2\/pages\/10\/revisions"}],"predecessor-version":[{"id":166,"href":"https:\/\/www.entrepot-dieppe.com\/index.php\/wp-json\/wp\/v2\/pages\/10\/revisions\/166"}],"wp:attachment":[{"href":"https:\/\/www.entrepot-dieppe.com\/index.php\/wp-json\/wp\/v2\/media?parent=10"}],"curies":[{"name":"wp","href":"https:\/\/api.w.org\/{rel}","templated":true}]}}